{"id":17,"date":"2022-11-10T12:28:43","date_gmt":"2022-11-10T11:28:43","guid":{"rendered":"https:\/\/elisebenard.com\/?page_id=17"},"modified":"2023-01-24T15:20:27","modified_gmt":"2023-01-24T14:20:27","slug":"dessin","status":"publish","type":"page","link":"https:\/\/elisebenard.com\/index.php\/dessin\/","title":{"rendered":"Dessin"},"content":{"rendered":"<div class=\"fusion-fullwidth fullwidth-box fusion-builder-row-1 fusion-flex-container has-pattern-background has-mask-background nonhundred-percent-fullwidth non-hundred-percent-height-scrolling\" style=\"--awb-border-radius-top-left:0px;--awb-border-radius-top-right:0px;--awb-border-radius-bottom-right:0px;--awb-border-radius-bottom-left:0px;--awb-margin-top:35px;--awb-flex-wrap:wrap;\" ><div class=\"fusion-builder-row fusion-row fusion-flex-align-items-flex-start fusion-flex-justify-content-center fusion-flex-content-wrap\" style=\"max-width:1248px;margin-left: calc(-4% \/ 2 );margin-right: calc(-4% \/ 2 );\"><div class=\"fusion-layout-column fusion_builder_column fusion-builder-column-0 fusion_builder_column_4_5 4_5 fusion-flex-column\" style=\"--awb-bg-size:cover;--awb-width-large:80%;--awb-margin-top-large:0px;--awb-spacing-right-large:2.4%;--awb-margin-bottom-large:20px;--awb-spacing-left-large:2.4%;--awb-width-medium:80%;--awb-order-medium:0;--awb-spacing-right-medium:2.4%;--awb-spacing-left-medium:2.4%;--awb-width-small:100%;--awb-order-small:0;--awb-spacing-right-small:1.92%;--awb-spacing-left-small:1.92%;\"><div class=\"fusion-column-wrapper fusion-column-has-shadow fusion-flex-justify-content-flex-start fusion-content-layout-column\"><div class=\"fusion-recent-works fusion-portfolio-element fusion-portfolio fusion-portfolio-1 fusion-portfolio-grid fusion-portfolio-paging-pagination fusion-portfolio-three fusion-portfolio-no_text fusion-portfolio-rollover\" data-id=\"-rw-1\" data-columns=\"three\"><style type=\"text\/css\">.fusion-portfolio-1 .fusion-portfolio-wrapper .fusion-col-spacing{padding:5px;}<\/style><div class=\"fusion-portfolio-wrapper\" id=\"fusion-portfolio-1\" data-picturesize=\"auto\" data-pages=\"1\" style=\"margin:-5px;\"><article id=\"portfolio-1-post-38\" class=\"fusion-portfolio-post dessin fusion-col-spacing post-38\"><div class=\"fusion-portfolio-content-wrapper\" style=\"border:none;\"><span class=\"entry-title rich-snippet-hidden\">Au bois<\/span><span class=\"vcard rich-snippet-hidden\"><span class=\"fn\"><a href=\"https:\/\/elisebenard.com\/index.php\/author\/eliseben22\/\" title=\"Articles par eliseben22\" rel=\"author\">eliseben22<\/a><\/span><\/span><span class=\"updated rich-snippet-hidden\">2023-09-27T14:19:00+02:00<\/span><div  class=\"fusion-image-wrapper\" aria-haspopup=\"true\">\n\t\t\t\t<img decoding=\"async\" width=\"1200\" height=\"1200\" src=\"https:\/\/elisebenard.com\/wp-content\/uploads\/2022\/11\/4C_benard_elise_aubois_staber_web.jpg\" class=\"attachment-full size-full wp-post-image\" alt=\"benard elise au bois\" srcset=\"https:\/\/elisebenard.com\/wp-content\/uploads\/2022\/11\/4C_benard_elise_aubois_staber_web-200x200.jpg 200w, https:\/\/elisebenard.com\/wp-content\/uploads\/2022\/11\/4C_benard_elise_aubois_staber_web-400x400.jpg 400w, https:\/\/elisebenard.com\/wp-content\/uploads\/2022\/11\/4C_benard_elise_aubois_staber_web-600x600.jpg 600w, https:\/\/elisebenard.com\/wp-content\/uploads\/2022\/11\/4C_benard_elise_aubois_staber_web-800x800.jpg 800w, https:\/\/elisebenard.com\/wp-content\/uploads\/2022\/11\/4C_benard_elise_aubois_staber_web.jpg 1200w\" sizes=\"(min-width: 2200px) 100vw, (min-width: 1064px) 393px, (min-width: 992px) 590px, (min-width: 920px) 992px, \" \/><div class=\"fusion-rollover\">\n\t<div class=\"fusion-rollover-content\">\n\n\t\t\t\t\n\t\t\n\t\t\t\t\t\t\t\t\t\t\t\t<h4 class=\"fusion-rollover-title\">\n\t\t\t\t\t<a class=\"fusion-rollover-title-link\" href=\"https:\/\/elisebenard.com\/index.php\/portfolio-items\/au-bois\/?portfolioCats=2\">\n\t\t\t\t\t\tAu bois\t\t\t\t\t<\/a>\n\t\t\t\t<\/h4>\n\t\t\t\n\t\t\t\t\t\t\t\t\n\t\t\n\t\t\t\t\t\t<a class=\"fusion-link-wrapper\" href=\"https:\/\/elisebenard.com\/index.php\/portfolio-items\/au-bois\/?portfolioCats=2\" aria-label=\"Au bois\"><\/a>\n\t<\/div>\n<\/div>\n<\/div>\n<\/div><\/article><article id=\"portfolio-1-post-56\" class=\"fusion-portfolio-post dessin fusion-col-spacing post-56\"><div class=\"fusion-portfolio-content-wrapper\" style=\"border:none;\"><span class=\"entry-title rich-snippet-hidden\">Rue du clos fleuri n\u00b0 pairs<\/span><span class=\"vcard rich-snippet-hidden\"><span class=\"fn\"><a href=\"https:\/\/elisebenard.com\/index.php\/author\/eliseben22\/\" title=\"Articles par eliseben22\" rel=\"author\">eliseben22<\/a><\/span><\/span><span class=\"updated rich-snippet-hidden\">2023-09-28T08:54:44+02:00<\/span><div  class=\"fusion-image-wrapper\" aria-haspopup=\"true\">\n\t\t\t\t<img decoding=\"async\" width=\"1800\" height=\"1200\" src=\"https:\/\/elisebenard.com\/wp-content\/uploads\/2023\/09\/3C_benard_elise_rueduclospair_web.jpg\" class=\"attachment-full size-full wp-post-image\" alt=\"\" srcset=\"https:\/\/elisebenard.com\/wp-content\/uploads\/2023\/09\/3C_benard_elise_rueduclospair_web-200x133.jpg 200w, https:\/\/elisebenard.com\/wp-content\/uploads\/2023\/09\/3C_benard_elise_rueduclospair_web-400x267.jpg 400w, https:\/\/elisebenard.com\/wp-content\/uploads\/2023\/09\/3C_benard_elise_rueduclospair_web-600x400.jpg 600w, https:\/\/elisebenard.com\/wp-content\/uploads\/2023\/09\/3C_benard_elise_rueduclospair_web-800x533.jpg 800w, https:\/\/elisebenard.com\/wp-content\/uploads\/2023\/09\/3C_benard_elise_rueduclospair_web-1200x800.jpg 1200w, https:\/\/elisebenard.com\/wp-content\/uploads\/2023\/09\/3C_benard_elise_rueduclospair_web.jpg 1800w\" sizes=\"(min-width: 2200px) 100vw, (min-width: 1064px) 393px, (min-width: 992px) 590px, (min-width: 920px) 992px, \" \/><div class=\"fusion-rollover\">\n\t<div class=\"fusion-rollover-content\">\n\n\t\t\t\t\n\t\t\n\t\t\t\t\t\t\t\t\t\t\t\t<h4 class=\"fusion-rollover-title\">\n\t\t\t\t\t<a class=\"fusion-rollover-title-link\" href=\"https:\/\/elisebenard.com\/index.php\/portfolio-items\/rue-du-clos-fleuri-n-pairs\/?portfolioCats=2\">\n\t\t\t\t\t\tRue du clos fleuri n\u00b0 pairs\t\t\t\t\t<\/a>\n\t\t\t\t<\/h4>\n\t\t\t\n\t\t\t\t\t\t\t\t\n\t\t\n\t\t\t\t\t\t<a class=\"fusion-link-wrapper\" href=\"https:\/\/elisebenard.com\/index.php\/portfolio-items\/rue-du-clos-fleuri-n-pairs\/?portfolioCats=2\" aria-label=\"Rue du clos fleuri n\u00b0 pairs\"><\/a>\n\t<\/div>\n<\/div>\n<\/div>\n<\/div><\/article><article id=\"portfolio-1-post-63\" class=\"fusion-portfolio-post dessin fusion-col-spacing post-63\"><div class=\"fusion-portfolio-content-wrapper\" style=\"border:none;\"><span class=\"entry-title rich-snippet-hidden\">For\u00eat<\/span><span class=\"vcard rich-snippet-hidden\"><span class=\"fn\"><a href=\"https:\/\/elisebenard.com\/index.php\/author\/eliseben22\/\" title=\"Articles par eliseben22\" rel=\"author\">eliseben22<\/a><\/span><\/span><span class=\"updated rich-snippet-hidden\">2023-04-21T14:13:50+02:00<\/span><div  class=\"fusion-image-wrapper\" aria-haspopup=\"true\">\n\t\t\t\t<img decoding=\"async\" width=\"1042\" height=\"753\" src=\"https:\/\/elisebenard.com\/wp-content\/uploads\/2022\/11\/5C_benard_elise_foret.jpg\" class=\"attachment-full size-full wp-post-image\" alt=\"\" srcset=\"https:\/\/elisebenard.com\/wp-content\/uploads\/2022\/11\/5C_benard_elise_foret-200x145.jpg 200w, https:\/\/elisebenard.com\/wp-content\/uploads\/2022\/11\/5C_benard_elise_foret-400x289.jpg 400w, https:\/\/elisebenard.com\/wp-content\/uploads\/2022\/11\/5C_benard_elise_foret-600x434.jpg 600w, https:\/\/elisebenard.com\/wp-content\/uploads\/2022\/11\/5C_benard_elise_foret-800x578.jpg 800w, https:\/\/elisebenard.com\/wp-content\/uploads\/2022\/11\/5C_benard_elise_foret.jpg 1042w\" sizes=\"(min-width: 2200px) 100vw, (min-width: 1064px) 393px, (min-width: 992px) 590px, (min-width: 920px) 992px, \" \/><div class=\"fusion-rollover\">\n\t<div class=\"fusion-rollover-content\">\n\n\t\t\t\t\n\t\t\n\t\t\t\t\t\t\t\t\t\t\t\t<h4 class=\"fusion-rollover-title\">\n\t\t\t\t\t<a class=\"fusion-rollover-title-link\" href=\"https:\/\/elisebenard.com\/index.php\/portfolio-items\/foret\/?portfolioCats=2\">\n\t\t\t\t\t\tFor\u00eat\t\t\t\t\t<\/a>\n\t\t\t\t<\/h4>\n\t\t\t\n\t\t\t\t\t\t\t\t\n\t\t\n\t\t\t\t\t\t<a class=\"fusion-link-wrapper\" href=\"https:\/\/elisebenard.com\/index.php\/portfolio-items\/foret\/?portfolioCats=2\" aria-label=\"For\u00eat\"><\/a>\n\t<\/div>\n<\/div>\n<\/div>\n<\/div><\/article><article id=\"portfolio-1-post-86\" class=\"fusion-portfolio-post dessin fusion-col-spacing post-86\"><div class=\"fusion-portfolio-content-wrapper\" style=\"border:none;\"><span class=\"entry-title rich-snippet-hidden\">\u00c0 table<\/span><span class=\"vcard rich-snippet-hidden\"><span class=\"fn\"><a href=\"https:\/\/elisebenard.com\/index.php\/author\/eliseben22\/\" title=\"Articles par eliseben22\" rel=\"author\">eliseben22<\/a><\/span><\/span><span class=\"updated rich-snippet-hidden\">2023-09-28T08:43:01+02:00<\/span><div  class=\"fusion-image-wrapper\" aria-haspopup=\"true\">\n\t\t\t\t<img decoding=\"async\" width=\"1800\" height=\"1200\" src=\"https:\/\/elisebenard.com\/wp-content\/uploads\/2022\/11\/2C_benard_elise_atable_staber.jpg\" class=\"attachment-full size-full wp-post-image\" alt=\"\" srcset=\"https:\/\/elisebenard.com\/wp-content\/uploads\/2022\/11\/2C_benard_elise_atable_staber-200x133.jpg 200w, https:\/\/elisebenard.com\/wp-content\/uploads\/2022\/11\/2C_benard_elise_atable_staber-400x267.jpg 400w, https:\/\/elisebenard.com\/wp-content\/uploads\/2022\/11\/2C_benard_elise_atable_staber-600x400.jpg 600w, https:\/\/elisebenard.com\/wp-content\/uploads\/2022\/11\/2C_benard_elise_atable_staber-800x533.jpg 800w, https:\/\/elisebenard.com\/wp-content\/uploads\/2022\/11\/2C_benard_elise_atable_staber-1200x800.jpg 1200w, https:\/\/elisebenard.com\/wp-content\/uploads\/2022\/11\/2C_benard_elise_atable_staber.jpg 1800w\" sizes=\"(min-width: 2200px) 100vw, (min-width: 1064px) 393px, (min-width: 992px) 590px, (min-width: 920px) 992px, \" \/><div class=\"fusion-rollover\">\n\t<div class=\"fusion-rollover-content\">\n\n\t\t\t\t\n\t\t\n\t\t\t\t\t\t\t\t\t\t\t\t<h4 class=\"fusion-rollover-title\">\n\t\t\t\t\t<a class=\"fusion-rollover-title-link\" href=\"https:\/\/elisebenard.com\/index.php\/portfolio-items\/a-table\/?portfolioCats=2\">\n\t\t\t\t\t\t\u00c0 table\t\t\t\t\t<\/a>\n\t\t\t\t<\/h4>\n\t\t\t\n\t\t\t\t\t\t\t\t\n\t\t\n\t\t\t\t\t\t<a class=\"fusion-link-wrapper\" href=\"https:\/\/elisebenard.com\/index.php\/portfolio-items\/a-table\/?portfolioCats=2\" aria-label=\"\u00c0 table\"><\/a>\n\t<\/div>\n<\/div>\n<\/div>\n<\/div><\/article><article id=\"portfolio-1-post-95\" class=\"fusion-portfolio-post dessin fusion-col-spacing post-95\"><div class=\"fusion-portfolio-content-wrapper\" style=\"border:none;\"><span class=\"entry-title rich-snippet-hidden\">Retour \u00e0 la r\u00e9alit\u00e9<\/span><span class=\"vcard rich-snippet-hidden\"><span class=\"fn\"><a href=\"https:\/\/elisebenard.com\/index.php\/author\/eliseben22\/\" title=\"Articles par eliseben22\" rel=\"author\">eliseben22<\/a><\/span><\/span><span class=\"updated rich-snippet-hidden\">2023-04-21T14:15:43+02:00<\/span><div  class=\"fusion-image-wrapper\" aria-haspopup=\"true\">\n\t\t\t\t<img decoding=\"async\" width=\"1800\" height=\"1200\" src=\"https:\/\/elisebenard.com\/wp-content\/uploads\/2022\/11\/2C_benard_elise_retour_realite.jpg\" class=\"attachment-full size-full wp-post-image\" alt=\"\" srcset=\"https:\/\/elisebenard.com\/wp-content\/uploads\/2022\/11\/2C_benard_elise_retour_realite-200x133.jpg 200w, https:\/\/elisebenard.com\/wp-content\/uploads\/2022\/11\/2C_benard_elise_retour_realite-400x267.jpg 400w, https:\/\/elisebenard.com\/wp-content\/uploads\/2022\/11\/2C_benard_elise_retour_realite-600x400.jpg 600w, https:\/\/elisebenard.com\/wp-content\/uploads\/2022\/11\/2C_benard_elise_retour_realite-800x533.jpg 800w, https:\/\/elisebenard.com\/wp-content\/uploads\/2022\/11\/2C_benard_elise_retour_realite-1200x800.jpg 1200w, https:\/\/elisebenard.com\/wp-content\/uploads\/2022\/11\/2C_benard_elise_retour_realite.jpg 1800w\" sizes=\"(min-width: 2200px) 100vw, (min-width: 1064px) 393px, (min-width: 992px) 590px, (min-width: 920px) 992px, \" \/><div class=\"fusion-rollover\">\n\t<div class=\"fusion-rollover-content\">\n\n\t\t\t\t\n\t\t\n\t\t\t\t\t\t\t\t\t\t\t\t<h4 class=\"fusion-rollover-title\">\n\t\t\t\t\t<a class=\"fusion-rollover-title-link\" href=\"https:\/\/elisebenard.com\/index.php\/portfolio-items\/retour-a-la-realite\/?portfolioCats=2\">\n\t\t\t\t\t\tRetour \u00e0 la r\u00e9alit\u00e9\t\t\t\t\t<\/a>\n\t\t\t\t<\/h4>\n\t\t\t\n\t\t\t\t\t\t\t\t\n\t\t\n\t\t\t\t\t\t<a class=\"fusion-link-wrapper\" href=\"https:\/\/elisebenard.com\/index.php\/portfolio-items\/retour-a-la-realite\/?portfolioCats=2\" aria-label=\"Retour \u00e0 la r\u00e9alit\u00e9\"><\/a>\n\t<\/div>\n<\/div>\n<\/div>\n<\/div><\/article><article id=\"portfolio-1-post-106\" class=\"fusion-portfolio-post dessin fusion-col-spacing post-106\"><div class=\"fusion-portfolio-content-wrapper\" style=\"border:none;\"><span class=\"entry-title rich-snippet-hidden\">Au pied du mur<\/span><span class=\"vcard rich-snippet-hidden\"><span class=\"fn\"><a href=\"https:\/\/elisebenard.com\/index.php\/author\/eliseben22\/\" title=\"Articles par eliseben22\" rel=\"author\">eliseben22<\/a><\/span><\/span><span class=\"updated rich-snippet-hidden\">2023-01-26T14:15:04+01:00<\/span><div  class=\"fusion-image-wrapper\" aria-haspopup=\"true\">\n\t\t\t\t<img decoding=\"async\" width=\"1200\" height=\"1679\" src=\"https:\/\/elisebenard.com\/wp-content\/uploads\/2022\/11\/1C_benard_elise_pieddumur.jpg\" class=\"attachment-full size-full wp-post-image\" alt=\"\" srcset=\"https:\/\/elisebenard.com\/wp-content\/uploads\/2022\/11\/1C_benard_elise_pieddumur-200x280.jpg 200w, https:\/\/elisebenard.com\/wp-content\/uploads\/2022\/11\/1C_benard_elise_pieddumur-400x560.jpg 400w, https:\/\/elisebenard.com\/wp-content\/uploads\/2022\/11\/1C_benard_elise_pieddumur-600x840.jpg 600w, https:\/\/elisebenard.com\/wp-content\/uploads\/2022\/11\/1C_benard_elise_pieddumur-800x1119.jpg 800w, https:\/\/elisebenard.com\/wp-content\/uploads\/2022\/11\/1C_benard_elise_pieddumur.jpg 1200w\" sizes=\"(min-width: 2200px) 100vw, (min-width: 1064px) 393px, (min-width: 992px) 590px, (min-width: 920px) 992px, \" \/><div class=\"fusion-rollover\">\n\t<div class=\"fusion-rollover-content\">\n\n\t\t\t\t\n\t\t\n\t\t\t\t\t\t\t\t\t\t\t\t<h4 class=\"fusion-rollover-title\">\n\t\t\t\t\t<a class=\"fusion-rollover-title-link\" href=\"https:\/\/elisebenard.com\/index.php\/portfolio-items\/au-pied-du-mur\/?portfolioCats=2\">\n\t\t\t\t\t\tAu pied du mur\t\t\t\t\t<\/a>\n\t\t\t\t<\/h4>\n\t\t\t\n\t\t\t\t\t\t\t\t\n\t\t\n\t\t\t\t\t\t<a class=\"fusion-link-wrapper\" href=\"https:\/\/elisebenard.com\/index.php\/portfolio-items\/au-pied-du-mur\/?portfolioCats=2\" aria-label=\"Au pied du mur\"><\/a>\n\t<\/div>\n<\/div>\n<\/div>\n<\/div><\/article><article id=\"portfolio-1-post-110\" class=\"fusion-portfolio-post dessin fusion-col-spacing post-110\"><div class=\"fusion-portfolio-content-wrapper\" style=\"border:none;\"><span class=\"entry-title rich-snippet-hidden\">Vanit\u00e9<\/span><span class=\"vcard rich-snippet-hidden\"><span class=\"fn\"><a href=\"https:\/\/elisebenard.com\/index.php\/author\/eliseben22\/\" title=\"Articles par eliseben22\" rel=\"author\">eliseben22<\/a><\/span><\/span><span class=\"updated rich-snippet-hidden\">2026-01-24T18:18:16+01:00<\/span><div  class=\"fusion-image-wrapper\" aria-haspopup=\"true\">\n\t\t\t\t<img decoding=\"async\" width=\"1200\" height=\"1615\" src=\"https:\/\/elisebenard.com\/wp-content\/uploads\/2022\/11\/2C_benard_elise_vanite.jpg\" class=\"attachment-full size-full wp-post-image\" alt=\"\" srcset=\"https:\/\/elisebenard.com\/wp-content\/uploads\/2022\/11\/2C_benard_elise_vanite-200x269.jpg 200w, https:\/\/elisebenard.com\/wp-content\/uploads\/2022\/11\/2C_benard_elise_vanite-400x538.jpg 400w, https:\/\/elisebenard.com\/wp-content\/uploads\/2022\/11\/2C_benard_elise_vanite-600x808.jpg 600w, https:\/\/elisebenard.com\/wp-content\/uploads\/2022\/11\/2C_benard_elise_vanite-800x1077.jpg 800w, https:\/\/elisebenard.com\/wp-content\/uploads\/2022\/11\/2C_benard_elise_vanite.jpg 1200w\" sizes=\"(min-width: 2200px) 100vw, (min-width: 1064px) 393px, (min-width: 992px) 590px, (min-width: 920px) 992px, \" \/><div class=\"fusion-rollover\">\n\t<div class=\"fusion-rollover-content\">\n\n\t\t\t\t\n\t\t\n\t\t\t\t\t\t\t\t\t\t\t\t<h4 class=\"fusion-rollover-title\">\n\t\t\t\t\t<a class=\"fusion-rollover-title-link\" href=\"https:\/\/elisebenard.com\/index.php\/portfolio-items\/vanite\/?portfolioCats=2\">\n\t\t\t\t\t\tVanit\u00e9\t\t\t\t\t<\/a>\n\t\t\t\t<\/h4>\n\t\t\t\n\t\t\t\t\t\t\t\t\n\t\t\n\t\t\t\t\t\t<a class=\"fusion-link-wrapper\" href=\"https:\/\/elisebenard.com\/index.php\/portfolio-items\/vanite\/?portfolioCats=2\" aria-label=\"Vanit\u00e9\"><\/a>\n\t<\/div>\n<\/div>\n<\/div>\n<\/div><\/article><article id=\"portfolio-1-post-118\" class=\"fusion-portfolio-post dessin fusion-col-spacing post-118\"><div class=\"fusion-portfolio-content-wrapper\" style=\"border:none;\"><span class=\"entry-title rich-snippet-hidden\">Alice<\/span><span class=\"vcard rich-snippet-hidden\"><span class=\"fn\"><a href=\"https:\/\/elisebenard.com\/index.php\/author\/eliseben22\/\" title=\"Articles par eliseben22\" rel=\"author\">eliseben22<\/a><\/span><\/span><span class=\"updated rich-snippet-hidden\">2024-02-01T10:19:30+01:00<\/span><div  class=\"fusion-image-wrapper\" aria-haspopup=\"true\">\n\t\t\t\t<img decoding=\"async\" width=\"1669\" height=\"1200\" src=\"https:\/\/elisebenard.com\/wp-content\/uploads\/2022\/11\/5C_benard_elise_alice.jpg\" class=\"attachment-full size-full wp-post-image\" alt=\"\" srcset=\"https:\/\/elisebenard.com\/wp-content\/uploads\/2022\/11\/5C_benard_elise_alice-200x144.jpg 200w, https:\/\/elisebenard.com\/wp-content\/uploads\/2022\/11\/5C_benard_elise_alice-400x288.jpg 400w, https:\/\/elisebenard.com\/wp-content\/uploads\/2022\/11\/5C_benard_elise_alice-600x431.jpg 600w, https:\/\/elisebenard.com\/wp-content\/uploads\/2022\/11\/5C_benard_elise_alice-800x575.jpg 800w, https:\/\/elisebenard.com\/wp-content\/uploads\/2022\/11\/5C_benard_elise_alice-1200x863.jpg 1200w, https:\/\/elisebenard.com\/wp-content\/uploads\/2022\/11\/5C_benard_elise_alice.jpg 1669w\" sizes=\"(min-width: 2200px) 100vw, (min-width: 1064px) 393px, (min-width: 992px) 590px, (min-width: 920px) 992px, \" \/><div class=\"fusion-rollover\">\n\t<div class=\"fusion-rollover-content\">\n\n\t\t\t\t\n\t\t\n\t\t\t\t\t\t\t\t\t\t\t\t<h4 class=\"fusion-rollover-title\">\n\t\t\t\t\t<a class=\"fusion-rollover-title-link\" href=\"https:\/\/elisebenard.com\/index.php\/portfolio-items\/alice\/?portfolioCats=2\">\n\t\t\t\t\t\tAlice\t\t\t\t\t<\/a>\n\t\t\t\t<\/h4>\n\t\t\t\n\t\t\t\t\t\t\t\t\n\t\t\n\t\t\t\t\t\t<a class=\"fusion-link-wrapper\" href=\"https:\/\/elisebenard.com\/index.php\/portfolio-items\/alice\/?portfolioCats=2\" aria-label=\"Alice\"><\/a>\n\t<\/div>\n<\/div>\n<\/div>\n<\/div><\/article><article id=\"portfolio-1-post-842\" class=\"fusion-portfolio-post dessin fusion-col-spacing post-842\"><div class=\"fusion-portfolio-content-wrapper\" style=\"border:none;\"><span class=\"entry-title rich-snippet-hidden\">Feu<\/span><span class=\"vcard rich-snippet-hidden\"><span class=\"fn\"><a href=\"https:\/\/elisebenard.com\/index.php\/author\/eliseben22\/\" title=\"Articles par eliseben22\" rel=\"author\">eliseben22<\/a><\/span><\/span><span class=\"updated rich-snippet-hidden\">2025-01-10T14:42:57+01:00<\/span><div  class=\"fusion-image-wrapper\" aria-haspopup=\"true\">\n\t\t\t\t<img decoding=\"async\" width=\"1200\" height=\"1560\" src=\"https:\/\/elisebenard.com\/wp-content\/uploads\/2025\/01\/1_elise_benard_arbrefeu_web.jpg\" class=\"attachment-full size-full wp-post-image\" alt=\"\" srcset=\"https:\/\/elisebenard.com\/wp-content\/uploads\/2025\/01\/1_elise_benard_arbrefeu_web-200x260.jpg 200w, https:\/\/elisebenard.com\/wp-content\/uploads\/2025\/01\/1_elise_benard_arbrefeu_web-400x520.jpg 400w, https:\/\/elisebenard.com\/wp-content\/uploads\/2025\/01\/1_elise_benard_arbrefeu_web-600x780.jpg 600w, https:\/\/elisebenard.com\/wp-content\/uploads\/2025\/01\/1_elise_benard_arbrefeu_web-800x1040.jpg 800w, https:\/\/elisebenard.com\/wp-content\/uploads\/2025\/01\/1_elise_benard_arbrefeu_web.jpg 1200w\" sizes=\"(min-width: 2200px) 100vw, (min-width: 1064px) 393px, (min-width: 992px) 590px, (min-width: 920px) 992px, \" \/><div class=\"fusion-rollover\">\n\t<div class=\"fusion-rollover-content\">\n\n\t\t\t\t\n\t\t\n\t\t\t\t\t\t\t\t\t\t\t\t<h4 class=\"fusion-rollover-title\">\n\t\t\t\t\t<a class=\"fusion-rollover-title-link\" href=\"https:\/\/elisebenard.com\/index.php\/portfolio-items\/feu\/?portfolioCats=2\">\n\t\t\t\t\t\tFeu\t\t\t\t\t<\/a>\n\t\t\t\t<\/h4>\n\t\t\t\n\t\t\t\t\t\t\t\t\n\t\t\n\t\t\t\t\t\t<a class=\"fusion-link-wrapper\" href=\"https:\/\/elisebenard.com\/index.php\/portfolio-items\/feu\/?portfolioCats=2\" aria-label=\"Feu\"><\/a>\n\t<\/div>\n<\/div>\n<\/div>\n<\/div><\/article><article id=\"portfolio-1-post-898\" class=\"fusion-portfolio-post dessin gravure fusion-col-spacing post-898\"><div class=\"fusion-portfolio-content-wrapper\" style=\"border:none;\"><span class=\"entry-title rich-snippet-hidden\">Vanit\u00e9 (\u00e9chafaudage)<\/span><span class=\"vcard rich-snippet-hidden\"><span class=\"fn\"><a href=\"https:\/\/elisebenard.com\/index.php\/author\/eliseben22\/\" title=\"Articles par eliseben22\" rel=\"author\">eliseben22<\/a><\/span><\/span><span class=\"updated rich-snippet-hidden\">2026-01-25T18:26:28+01:00<\/span><div  class=\"fusion-image-wrapper\" aria-haspopup=\"true\">\n\t\t\t\t<img decoding=\"async\" width=\"950\" height=\"627\" src=\"https:\/\/elisebenard.com\/wp-content\/uploads\/2026\/01\/elise_benard_vanite_echafaudage3_web.jpg\" class=\"attachment-full size-full wp-post-image\" alt=\"\" srcset=\"https:\/\/elisebenard.com\/wp-content\/uploads\/2026\/01\/elise_benard_vanite_echafaudage3_web-200x132.jpg 200w, https:\/\/elisebenard.com\/wp-content\/uploads\/2026\/01\/elise_benard_vanite_echafaudage3_web-400x264.jpg 400w, https:\/\/elisebenard.com\/wp-content\/uploads\/2026\/01\/elise_benard_vanite_echafaudage3_web-600x396.jpg 600w, https:\/\/elisebenard.com\/wp-content\/uploads\/2026\/01\/elise_benard_vanite_echafaudage3_web-800x528.jpg 800w, https:\/\/elisebenard.com\/wp-content\/uploads\/2026\/01\/elise_benard_vanite_echafaudage3_web.jpg 950w\" sizes=\"(min-width: 2200px) 100vw, (min-width: 1064px) 393px, (min-width: 992px) 590px, (min-width: 920px) 992px, \" \/><div class=\"fusion-rollover\">\n\t<div class=\"fusion-rollover-content\">\n\n\t\t\t\t\n\t\t\n\t\t\t\t\t\t\t\t\t\t\t\t<h4 class=\"fusion-rollover-title\">\n\t\t\t\t\t<a class=\"fusion-rollover-title-link\" href=\"https:\/\/elisebenard.com\/index.php\/portfolio-items\/vanite-echafaudage\/?portfolioCats=2\">\n\t\t\t\t\t\tVanit\u00e9 (\u00e9chafaudage)\t\t\t\t\t<\/a>\n\t\t\t\t<\/h4>\n\t\t\t\n\t\t\t\t\t\t\t\t\n\t\t\n\t\t\t\t\t\t<a class=\"fusion-link-wrapper\" href=\"https:\/\/elisebenard.com\/index.php\/portfolio-items\/vanite-echafaudage\/?portfolioCats=2\" aria-label=\"Vanit\u00e9 (\u00e9chafaudage)\"><\/a>\n\t<\/div>\n<\/div>\n<\/div>\n<\/div><\/article><\/div><\/div><\/div><\/div><\/div><\/div>\n","protected":false},"excerpt":{"rendered":"","protected":false},"author":1,"featured_media":0,"parent":0,"menu_order":0,"comment_status":"closed","ping_status":"closed","template":"100-width.php","meta":{"footnotes":""},"class_list":["post-17","page","type-page","status-publish","hentry"],"_links":{"self":[{"href":"https:\/\/elisebenard.com\/index.php\/wp-json\/wp\/v2\/pages\/17","targetHints":{"allow":["GET"]}}],"collection":[{"href":"https:\/\/elisebenard.com\/index.php\/wp-json\/wp\/v2\/pages"}],"about":[{"href":"https:\/\/elisebenard.com\/index.php\/wp-json\/wp\/v2\/types\/page"}],"author":[{"embeddable":true,"href":"https:\/\/elisebenard.com\/index.php\/wp-json\/wp\/v2\/users\/1"}],"replies":[{"embeddable":true,"href":"https:\/\/elisebenard.com\/index.php\/wp-json\/wp\/v2\/comments?post=17"}],"version-history":[{"count":8,"href":"https:\/\/elisebenard.com\/index.php\/wp-json\/wp\/v2\/pages\/17\/revisions"}],"predecessor-version":[{"id":376,"href":"https:\/\/elisebenard.com\/index.php\/wp-json\/wp\/v2\/pages\/17\/revisions\/376"}],"wp:attachment":[{"href":"https:\/\/elisebenard.com\/index.php\/wp-json\/wp\/v2\/media?parent=17"}],"curies":[{"name":"wp","href":"https:\/\/api.w.org\/{rel}","templated":true}]}}