{"id":21,"date":"2022-11-10T12:29:08","date_gmt":"2022-11-10T11:29:08","guid":{"rendered":"https:\/\/elisebenard.com\/?page_id=21"},"modified":"2023-01-24T15:23:04","modified_gmt":"2023-01-24T14:23:04","slug":"installation","status":"publish","type":"page","link":"https:\/\/elisebenard.com\/index.php\/installation\/","title":{"rendered":"Installation"},"content":{"rendered":"<div class=\"fusion-fullwidth fullwidth-box fusion-builder-row-1 fusion-flex-container has-pattern-background has-mask-background nonhundred-percent-fullwidth non-hundred-percent-height-scrolling\" style=\"--awb-border-radius-top-left:0px;--awb-border-radius-top-right:0px;--awb-border-radius-bottom-right:0px;--awb-border-radius-bottom-left:0px;--awb-margin-top:35px;--awb-flex-wrap:wrap;\" ><div class=\"fusion-builder-row fusion-row fusion-flex-align-items-flex-start fusion-flex-justify-content-center fusion-flex-content-wrap\" style=\"max-width:1248px;margin-left: calc(-4% \/ 2 );margin-right: calc(-4% \/ 2 );\"><div class=\"fusion-layout-column fusion_builder_column fusion-builder-column-0 fusion_builder_column_4_5 4_5 fusion-flex-column\" style=\"--awb-bg-size:cover;--awb-width-large:80%;--awb-margin-top-large:0px;--awb-spacing-right-large:2.4%;--awb-margin-bottom-large:20px;--awb-spacing-left-large:2.4%;--awb-width-medium:80%;--awb-order-medium:0;--awb-spacing-right-medium:2.4%;--awb-spacing-left-medium:2.4%;--awb-width-small:100%;--awb-order-small:0;--awb-spacing-right-small:1.92%;--awb-spacing-left-small:1.92%;\"><div class=\"fusion-column-wrapper fusion-column-has-shadow fusion-flex-justify-content-flex-start fusion-content-layout-column\"><div class=\"fusion-recent-works fusion-portfolio-element fusion-portfolio fusion-portfolio-1 fusion-portfolio-grid fusion-portfolio-paging-pagination fusion-portfolio-three fusion-portfolio-no_text fusion-portfolio-rollover\" data-id=\"-rw-1\" data-columns=\"three\"><style type=\"text\/css\">.fusion-portfolio-1 .fusion-portfolio-wrapper .fusion-col-spacing{padding:5px;}<\/style><div class=\"fusion-portfolio-wrapper\" id=\"fusion-portfolio-1\" data-picturesize=\"auto\" data-pages=\"1\" style=\"margin:-5px;\"><article id=\"portfolio-1-post-931\" class=\"fusion-portfolio-post installation fusion-col-spacing post-931\"><div class=\"fusion-portfolio-content-wrapper\" style=\"border:none;\"><span class=\"entry-title rich-snippet-hidden\">Vanit\u00e9 (\u00e9chafaudage)<\/span><span class=\"vcard rich-snippet-hidden\"><span class=\"fn\"><a href=\"https:\/\/elisebenard.com\/index.php\/author\/eliseben22\/\" title=\"Articles par eliseben22\" rel=\"author\">eliseben22<\/a><\/span><\/span><span class=\"updated rich-snippet-hidden\">2026-01-25T18:27:08+01:00<\/span><div  class=\"fusion-image-wrapper\" aria-haspopup=\"true\">\n\t\t\t\t<img decoding=\"async\" width=\"750\" height=\"500\" src=\"https:\/\/elisebenard.com\/wp-content\/uploads\/2026\/01\/elise_benard_vanite_echafaudage4_web.jpg\" class=\"attachment-full size-full wp-post-image\" alt=\"\" srcset=\"https:\/\/elisebenard.com\/wp-content\/uploads\/2026\/01\/elise_benard_vanite_echafaudage4_web-200x133.jpg 200w, https:\/\/elisebenard.com\/wp-content\/uploads\/2026\/01\/elise_benard_vanite_echafaudage4_web-400x267.jpg 400w, https:\/\/elisebenard.com\/wp-content\/uploads\/2026\/01\/elise_benard_vanite_echafaudage4_web-600x400.jpg 600w, https:\/\/elisebenard.com\/wp-content\/uploads\/2026\/01\/elise_benard_vanite_echafaudage4_web.jpg 750w\" sizes=\"(min-width: 2200px) 100vw, (min-width: 1064px) 393px, (min-width: 992px) 590px, (min-width: 920px) 992px, \" \/><div class=\"fusion-rollover\">\n\t<div class=\"fusion-rollover-content\">\n\n\t\t\t\t\n\t\t\n\t\t\t\t\t\t\t\t\t\t\t\t<h4 class=\"fusion-rollover-title\">\n\t\t\t\t\t<a class=\"fusion-rollover-title-link\" href=\"https:\/\/elisebenard.com\/index.php\/portfolio-items\/vanite-echafaudage-cloned\/?portfolioCats=4\">\n\t\t\t\t\t\tVanit\u00e9 (\u00e9chafaudage)\t\t\t\t\t<\/a>\n\t\t\t\t<\/h4>\n\t\t\t\n\t\t\t\t\t\t\t\t\n\t\t\n\t\t\t\t\t\t<a class=\"fusion-link-wrapper\" href=\"https:\/\/elisebenard.com\/index.php\/portfolio-items\/vanite-echafaudage-cloned\/?portfolioCats=4\" aria-label=\"Vanit\u00e9 (\u00e9chafaudage)\"><\/a>\n\t<\/div>\n<\/div>\n<\/div>\n<\/div><\/article><article id=\"portfolio-1-post-208\" class=\"fusion-portfolio-post installation fusion-col-spacing post-208\"><div class=\"fusion-portfolio-content-wrapper\" style=\"border:none;\"><span class=\"entry-title rich-snippet-hidden\">Ce dimanche apr\u00e8s-midi<\/span><span class=\"vcard rich-snippet-hidden\"><span class=\"fn\"><a href=\"https:\/\/elisebenard.com\/index.php\/author\/eliseben22\/\" title=\"Articles par eliseben22\" rel=\"author\">eliseben22<\/a><\/span><\/span><span class=\"updated rich-snippet-hidden\">2024-02-01T08:40:30+01:00<\/span><div  class=\"fusion-image-wrapper\" aria-haspopup=\"true\">\n\t\t\t\t<img decoding=\"async\" width=\"1014\" height=\"760\" src=\"https:\/\/elisebenard.com\/wp-content\/uploads\/2022\/11\/1C_benard_elise_dimanche_apres-midi.jpg\" class=\"attachment-full size-full wp-post-image\" alt=\"\" srcset=\"https:\/\/elisebenard.com\/wp-content\/uploads\/2022\/11\/1C_benard_elise_dimanche_apres-midi-200x150.jpg 200w, https:\/\/elisebenard.com\/wp-content\/uploads\/2022\/11\/1C_benard_elise_dimanche_apres-midi-400x300.jpg 400w, https:\/\/elisebenard.com\/wp-content\/uploads\/2022\/11\/1C_benard_elise_dimanche_apres-midi-600x450.jpg 600w, https:\/\/elisebenard.com\/wp-content\/uploads\/2022\/11\/1C_benard_elise_dimanche_apres-midi-800x600.jpg 800w, https:\/\/elisebenard.com\/wp-content\/uploads\/2022\/11\/1C_benard_elise_dimanche_apres-midi.jpg 1014w\" sizes=\"(min-width: 2200px) 100vw, (min-width: 1064px) 393px, (min-width: 992px) 590px, (min-width: 920px) 992px, \" \/><div class=\"fusion-rollover\">\n\t<div class=\"fusion-rollover-content\">\n\n\t\t\t\t\n\t\t\n\t\t\t\t\t\t\t\t\t\t\t\t<h4 class=\"fusion-rollover-title\">\n\t\t\t\t\t<a class=\"fusion-rollover-title-link\" href=\"https:\/\/elisebenard.com\/index.php\/portfolio-items\/ce-dimanche-apres-midi\/?portfolioCats=4\">\n\t\t\t\t\t\tCe dimanche apr\u00e8s-midi\t\t\t\t\t<\/a>\n\t\t\t\t<\/h4>\n\t\t\t\n\t\t\t\t\t\t\t\t\n\t\t\n\t\t\t\t\t\t<a class=\"fusion-link-wrapper\" href=\"https:\/\/elisebenard.com\/index.php\/portfolio-items\/ce-dimanche-apres-midi\/?portfolioCats=4\" aria-label=\"Ce dimanche apr\u00e8s-midi\"><\/a>\n\t<\/div>\n<\/div>\n<\/div>\n<\/div><\/article><article id=\"portfolio-1-post-206\" class=\"fusion-portfolio-post installation fusion-col-spacing post-206\"><div class=\"fusion-portfolio-content-wrapper\" style=\"border:none;\"><span class=\"entry-title rich-snippet-hidden\">Au pied du mur<\/span><span class=\"vcard rich-snippet-hidden\"><span class=\"fn\"><a href=\"https:\/\/elisebenard.com\/index.php\/author\/eliseben22\/\" title=\"Articles par eliseben22\" rel=\"author\">eliseben22<\/a><\/span><\/span><span class=\"updated rich-snippet-hidden\">2023-04-21T14:31:00+02:00<\/span><div  class=\"fusion-image-wrapper\" aria-haspopup=\"true\">\n\t\t\t\t<img decoding=\"async\" width=\"1728\" height=\"1200\" src=\"https:\/\/elisebenard.com\/wp-content\/uploads\/2022\/11\/2_benard_elise_pieddumur.jpg\" class=\"attachment-full size-full wp-post-image\" alt=\"\" srcset=\"https:\/\/elisebenard.com\/wp-content\/uploads\/2022\/11\/2_benard_elise_pieddumur-200x139.jpg 200w, https:\/\/elisebenard.com\/wp-content\/uploads\/2022\/11\/2_benard_elise_pieddumur-400x278.jpg 400w, https:\/\/elisebenard.com\/wp-content\/uploads\/2022\/11\/2_benard_elise_pieddumur-600x417.jpg 600w, https:\/\/elisebenard.com\/wp-content\/uploads\/2022\/11\/2_benard_elise_pieddumur-800x556.jpg 800w, https:\/\/elisebenard.com\/wp-content\/uploads\/2022\/11\/2_benard_elise_pieddumur-1200x833.jpg 1200w, https:\/\/elisebenard.com\/wp-content\/uploads\/2022\/11\/2_benard_elise_pieddumur.jpg 1728w\" sizes=\"(min-width: 2200px) 100vw, (min-width: 1064px) 393px, (min-width: 992px) 590px, (min-width: 920px) 992px, \" \/><div class=\"fusion-rollover\">\n\t<div class=\"fusion-rollover-content\">\n\n\t\t\t\t\n\t\t\n\t\t\t\t\t\t\t\t\t\t\t\t<h4 class=\"fusion-rollover-title\">\n\t\t\t\t\t<a class=\"fusion-rollover-title-link\" href=\"https:\/\/elisebenard.com\/index.php\/portfolio-items\/au-pied-du-mur-2\/?portfolioCats=4\">\n\t\t\t\t\t\tAu pied du mur\t\t\t\t\t<\/a>\n\t\t\t\t<\/h4>\n\t\t\t\n\t\t\t\t\t\t\t\t\n\t\t\n\t\t\t\t\t\t<a class=\"fusion-link-wrapper\" href=\"https:\/\/elisebenard.com\/index.php\/portfolio-items\/au-pied-du-mur-2\/?portfolioCats=4\" aria-label=\"Au pied du mur\"><\/a>\n\t<\/div>\n<\/div>\n<\/div>\n<\/div><\/article><article id=\"portfolio-1-post-201\" class=\"fusion-portfolio-post installation fusion-col-spacing post-201\"><div class=\"fusion-portfolio-content-wrapper\" style=\"border:none;\"><span class=\"entry-title rich-snippet-hidden\">Souvenir(s)<\/span><span class=\"vcard rich-snippet-hidden\"><span class=\"fn\"><a href=\"https:\/\/elisebenard.com\/index.php\/author\/eliseben22\/\" title=\"Articles par eliseben22\" rel=\"author\">eliseben22<\/a><\/span><\/span><span class=\"updated rich-snippet-hidden\">2025-01-08T13:37:27+01:00<\/span><div  class=\"fusion-image-wrapper\" aria-haspopup=\"true\">\n\t\t\t\t<img decoding=\"async\" width=\"1600\" height=\"1200\" src=\"https:\/\/elisebenard.com\/wp-content\/uploads\/2022\/11\/2_benard_elise_souvenir.jpg\" class=\"attachment-full size-full wp-post-image\" alt=\"\" srcset=\"https:\/\/elisebenard.com\/wp-content\/uploads\/2022\/11\/2_benard_elise_souvenir-200x150.jpg 200w, https:\/\/elisebenard.com\/wp-content\/uploads\/2022\/11\/2_benard_elise_souvenir-400x300.jpg 400w, https:\/\/elisebenard.com\/wp-content\/uploads\/2022\/11\/2_benard_elise_souvenir-600x450.jpg 600w, https:\/\/elisebenard.com\/wp-content\/uploads\/2022\/11\/2_benard_elise_souvenir-800x600.jpg 800w, https:\/\/elisebenard.com\/wp-content\/uploads\/2022\/11\/2_benard_elise_souvenir-1200x900.jpg 1200w, https:\/\/elisebenard.com\/wp-content\/uploads\/2022\/11\/2_benard_elise_souvenir.jpg 1600w\" sizes=\"(min-width: 2200px) 100vw, (min-width: 1064px) 393px, (min-width: 992px) 590px, (min-width: 920px) 992px, \" \/><div class=\"fusion-rollover\">\n\t<div class=\"fusion-rollover-content\">\n\n\t\t\t\t\n\t\t\n\t\t\t\t\t\t\t\t\t\t\t\t<h4 class=\"fusion-rollover-title\">\n\t\t\t\t\t<a class=\"fusion-rollover-title-link\" href=\"https:\/\/elisebenard.com\/index.php\/portfolio-items\/souvenirs\/?portfolioCats=4\">\n\t\t\t\t\t\tSouvenir(s)\t\t\t\t\t<\/a>\n\t\t\t\t<\/h4>\n\t\t\t\n\t\t\t\t\t\t\t\t\n\t\t\n\t\t\t\t\t\t<a class=\"fusion-link-wrapper\" href=\"https:\/\/elisebenard.com\/index.php\/portfolio-items\/souvenirs\/?portfolioCats=4\" aria-label=\"Souvenir(s)\"><\/a>\n\t<\/div>\n<\/div>\n<\/div>\n<\/div><\/article><article id=\"portfolio-1-post-193\" class=\"fusion-portfolio-post installation fusion-col-spacing post-193\"><div class=\"fusion-portfolio-content-wrapper\" style=\"border:none;\"><span class=\"entry-title rich-snippet-hidden\">\u00c9cran de veille<\/span><span class=\"vcard rich-snippet-hidden\"><span class=\"fn\"><a href=\"https:\/\/elisebenard.com\/index.php\/author\/eliseben22\/\" title=\"Articles par eliseben22\" rel=\"author\">eliseben22<\/a><\/span><\/span><span class=\"updated rich-snippet-hidden\">2023-04-21T14:29:07+02:00<\/span><div  class=\"fusion-image-wrapper\" aria-haspopup=\"true\">\n\t\t\t\t<img decoding=\"async\" width=\"1200\" height=\"1600\" src=\"https:\/\/elisebenard.com\/wp-content\/uploads\/2022\/11\/2C_benard_elise_ecrandeveille.jpg\" class=\"attachment-full size-full wp-post-image\" alt=\"2C_benard_elise_ecrandeveille\" srcset=\"https:\/\/elisebenard.com\/wp-content\/uploads\/2022\/11\/2C_benard_elise_ecrandeveille-200x267.jpg 200w, https:\/\/elisebenard.com\/wp-content\/uploads\/2022\/11\/2C_benard_elise_ecrandeveille-400x533.jpg 400w, https:\/\/elisebenard.com\/wp-content\/uploads\/2022\/11\/2C_benard_elise_ecrandeveille-600x800.jpg 600w, https:\/\/elisebenard.com\/wp-content\/uploads\/2022\/11\/2C_benard_elise_ecrandeveille-800x1067.jpg 800w, https:\/\/elisebenard.com\/wp-content\/uploads\/2022\/11\/2C_benard_elise_ecrandeveille.jpg 1200w\" sizes=\"(min-width: 2200px) 100vw, (min-width: 1064px) 393px, (min-width: 992px) 590px, (min-width: 920px) 992px, \" \/><div class=\"fusion-rollover\">\n\t<div class=\"fusion-rollover-content\">\n\n\t\t\t\t\n\t\t\n\t\t\t\t\t\t\t\t\t\t\t\t<h4 class=\"fusion-rollover-title\">\n\t\t\t\t\t<a class=\"fusion-rollover-title-link\" href=\"https:\/\/elisebenard.com\/index.php\/portfolio-items\/ecran-de-veille\/?portfolioCats=4\">\n\t\t\t\t\t\t\u00c9cran de veille\t\t\t\t\t<\/a>\n\t\t\t\t<\/h4>\n\t\t\t\n\t\t\t\t\t\t\t\t\n\t\t\n\t\t\t\t\t\t<a class=\"fusion-link-wrapper\" href=\"https:\/\/elisebenard.com\/index.php\/portfolio-items\/ecran-de-veille\/?portfolioCats=4\" aria-label=\"\u00c9cran de veille\"><\/a>\n\t<\/div>\n<\/div>\n<\/div>\n<\/div><\/article><article id=\"portfolio-1-post-177\" class=\"fusion-portfolio-post installation fusion-col-spacing post-177\"><div class=\"fusion-portfolio-content-wrapper\" style=\"border:none;\"><span class=\"entry-title rich-snippet-hidden\">Alice (adolescence)<\/span><span class=\"vcard rich-snippet-hidden\"><span class=\"fn\"><a href=\"https:\/\/elisebenard.com\/index.php\/author\/eliseben22\/\" title=\"Articles par eliseben22\" rel=\"author\">eliseben22<\/a><\/span><\/span><span class=\"updated rich-snippet-hidden\">2023-01-26T14:44:49+01:00<\/span><div  class=\"fusion-image-wrapper\" aria-haspopup=\"true\">\n\t\t\t\t<img decoding=\"async\" width=\"1600\" height=\"1067\" src=\"https:\/\/elisebenard.com\/wp-content\/uploads\/2022\/11\/1C_benard_elise_alice_adolescence.jpg\" class=\"attachment-full size-full wp-post-image\" alt=\"\" srcset=\"https:\/\/elisebenard.com\/wp-content\/uploads\/2022\/11\/1C_benard_elise_alice_adolescence-200x133.jpg 200w, https:\/\/elisebenard.com\/wp-content\/uploads\/2022\/11\/1C_benard_elise_alice_adolescence-400x267.jpg 400w, https:\/\/elisebenard.com\/wp-content\/uploads\/2022\/11\/1C_benard_elise_alice_adolescence-600x400.jpg 600w, https:\/\/elisebenard.com\/wp-content\/uploads\/2022\/11\/1C_benard_elise_alice_adolescence-800x534.jpg 800w, https:\/\/elisebenard.com\/wp-content\/uploads\/2022\/11\/1C_benard_elise_alice_adolescence-1200x800.jpg 1200w, https:\/\/elisebenard.com\/wp-content\/uploads\/2022\/11\/1C_benard_elise_alice_adolescence.jpg 1600w\" sizes=\"(min-width: 2200px) 100vw, (min-width: 1064px) 393px, (min-width: 992px) 590px, (min-width: 920px) 992px, \" \/><div class=\"fusion-rollover\">\n\t<div class=\"fusion-rollover-content\">\n\n\t\t\t\t\n\t\t\n\t\t\t\t\t\t\t\t\t\t\t\t<h4 class=\"fusion-rollover-title\">\n\t\t\t\t\t<a class=\"fusion-rollover-title-link\" href=\"https:\/\/elisebenard.com\/index.php\/portfolio-items\/alice-adolescence\/?portfolioCats=4\">\n\t\t\t\t\t\tAlice (adolescence)\t\t\t\t\t<\/a>\n\t\t\t\t<\/h4>\n\t\t\t\n\t\t\t\t\t\t\t\t\n\t\t\n\t\t\t\t\t\t<a class=\"fusion-link-wrapper\" href=\"https:\/\/elisebenard.com\/index.php\/portfolio-items\/alice-adolescence\/?portfolioCats=4\" aria-label=\"Alice (adolescence)\"><\/a>\n\t<\/div>\n<\/div>\n<\/div>\n<\/div><\/article><article id=\"portfolio-1-post-175\" class=\"fusion-portfolio-post installation fusion-col-spacing post-175\"><div class=\"fusion-portfolio-content-wrapper\" style=\"border:none;\"><span class=\"entry-title rich-snippet-hidden\">Retour \u00e0 la r\u00e9alit\u00e9<\/span><span class=\"vcard rich-snippet-hidden\"><span class=\"fn\"><a href=\"https:\/\/elisebenard.com\/index.php\/author\/eliseben22\/\" title=\"Articles par eliseben22\" rel=\"author\">eliseben22<\/a><\/span><\/span><span class=\"updated rich-snippet-hidden\">2023-04-21T14:27:04+02:00<\/span><div  class=\"fusion-image-wrapper\" aria-haspopup=\"true\">\n\t\t\t\t<img decoding=\"async\" width=\"1800\" height=\"1200\" src=\"https:\/\/elisebenard.com\/wp-content\/uploads\/2022\/11\/1_benard_elise_retour_realite.jpg\" class=\"attachment-full size-full wp-post-image\" alt=\"\" srcset=\"https:\/\/elisebenard.com\/wp-content\/uploads\/2022\/11\/1_benard_elise_retour_realite-200x133.jpg 200w, https:\/\/elisebenard.com\/wp-content\/uploads\/2022\/11\/1_benard_elise_retour_realite-400x267.jpg 400w, https:\/\/elisebenard.com\/wp-content\/uploads\/2022\/11\/1_benard_elise_retour_realite-600x400.jpg 600w, https:\/\/elisebenard.com\/wp-content\/uploads\/2022\/11\/1_benard_elise_retour_realite-800x533.jpg 800w, https:\/\/elisebenard.com\/wp-content\/uploads\/2022\/11\/1_benard_elise_retour_realite-1200x800.jpg 1200w, https:\/\/elisebenard.com\/wp-content\/uploads\/2022\/11\/1_benard_elise_retour_realite.jpg 1800w\" sizes=\"(min-width: 2200px) 100vw, (min-width: 1064px) 393px, (min-width: 992px) 590px, (min-width: 920px) 992px, \" \/><div class=\"fusion-rollover\">\n\t<div class=\"fusion-rollover-content\">\n\n\t\t\t\t\n\t\t\n\t\t\t\t\t\t\t\t\t\t\t\t<h4 class=\"fusion-rollover-title\">\n\t\t\t\t\t<a class=\"fusion-rollover-title-link\" href=\"https:\/\/elisebenard.com\/index.php\/portfolio-items\/retour-a-la-realite-2\/?portfolioCats=4\">\n\t\t\t\t\t\tRetour \u00e0 la r\u00e9alit\u00e9\t\t\t\t\t<\/a>\n\t\t\t\t<\/h4>\n\t\t\t\n\t\t\t\t\t\t\t\t\n\t\t\n\t\t\t\t\t\t<a class=\"fusion-link-wrapper\" href=\"https:\/\/elisebenard.com\/index.php\/portfolio-items\/retour-a-la-realite-2\/?portfolioCats=4\" aria-label=\"Retour \u00e0 la r\u00e9alit\u00e9\"><\/a>\n\t<\/div>\n<\/div>\n<\/div>\n<\/div><\/article><article id=\"portfolio-1-post-173\" class=\"fusion-portfolio-post installation fusion-col-spacing post-173\"><div class=\"fusion-portfolio-content-wrapper\" style=\"border:none;\"><span class=\"entry-title rich-snippet-hidden\">\u00c0 table<\/span><span class=\"vcard rich-snippet-hidden\"><span class=\"fn\"><a href=\"https:\/\/elisebenard.com\/index.php\/author\/eliseben22\/\" title=\"Articles par eliseben22\" rel=\"author\">eliseben22<\/a><\/span><\/span><span class=\"updated rich-snippet-hidden\">2023-09-28T08:42:15+02:00<\/span><div  class=\"fusion-image-wrapper\" aria-haspopup=\"true\">\n\t\t\t\t<img decoding=\"async\" width=\"1200\" height=\"1800\" src=\"https:\/\/elisebenard.com\/wp-content\/uploads\/2022\/11\/1_benard_elise_atable_staber.jpg\" class=\"attachment-full size-full wp-post-image\" alt=\"\" srcset=\"https:\/\/elisebenard.com\/wp-content\/uploads\/2022\/11\/1_benard_elise_atable_staber-200x300.jpg 200w, https:\/\/elisebenard.com\/wp-content\/uploads\/2022\/11\/1_benard_elise_atable_staber-400x600.jpg 400w, https:\/\/elisebenard.com\/wp-content\/uploads\/2022\/11\/1_benard_elise_atable_staber-600x900.jpg 600w, https:\/\/elisebenard.com\/wp-content\/uploads\/2022\/11\/1_benard_elise_atable_staber-800x1200.jpg 800w, https:\/\/elisebenard.com\/wp-content\/uploads\/2022\/11\/1_benard_elise_atable_staber.jpg 1200w\" sizes=\"(min-width: 2200px) 100vw, (min-width: 1064px) 393px, (min-width: 992px) 590px, (min-width: 920px) 992px, \" \/><div class=\"fusion-rollover\">\n\t<div class=\"fusion-rollover-content\">\n\n\t\t\t\t\n\t\t\n\t\t\t\t\t\t\t\t\t\t\t\t<h4 class=\"fusion-rollover-title\">\n\t\t\t\t\t<a class=\"fusion-rollover-title-link\" href=\"https:\/\/elisebenard.com\/index.php\/portfolio-items\/a-table-2\/?portfolioCats=4\">\n\t\t\t\t\t\t\u00c0 table\t\t\t\t\t<\/a>\n\t\t\t\t<\/h4>\n\t\t\t\n\t\t\t\t\t\t\t\t\n\t\t\n\t\t\t\t\t\t<a class=\"fusion-link-wrapper\" href=\"https:\/\/elisebenard.com\/index.php\/portfolio-items\/a-table-2\/?portfolioCats=4\" aria-label=\"\u00c0 table\"><\/a>\n\t<\/div>\n<\/div>\n<\/div>\n<\/div><\/article><article id=\"portfolio-1-post-171\" class=\"fusion-portfolio-post installation fusion-col-spacing post-171\"><div class=\"fusion-portfolio-content-wrapper\" style=\"border:none;\"><span class=\"entry-title rich-snippet-hidden\">Cumulus<\/span><span class=\"vcard rich-snippet-hidden\"><span class=\"fn\"><a href=\"https:\/\/elisebenard.com\/index.php\/author\/eliseben22\/\" title=\"Articles par eliseben22\" rel=\"author\">eliseben22<\/a><\/span><\/span><span class=\"updated rich-snippet-hidden\">2026-01-18T18:27:19+01:00<\/span><div  class=\"fusion-image-wrapper\" aria-haspopup=\"true\">\n\t\t\t\t<img decoding=\"async\" width=\"1584\" height=\"1056\" src=\"https:\/\/elisebenard.com\/wp-content\/uploads\/2026\/01\/cumulus2a_eb_web.jpg\" class=\"attachment-full size-full wp-post-image\" alt=\"\" srcset=\"https:\/\/elisebenard.com\/wp-content\/uploads\/2026\/01\/cumulus2a_eb_web-200x133.jpg 200w, https:\/\/elisebenard.com\/wp-content\/uploads\/2026\/01\/cumulus2a_eb_web-400x267.jpg 400w, https:\/\/elisebenard.com\/wp-content\/uploads\/2026\/01\/cumulus2a_eb_web-600x400.jpg 600w, https:\/\/elisebenard.com\/wp-content\/uploads\/2026\/01\/cumulus2a_eb_web-800x533.jpg 800w, https:\/\/elisebenard.com\/wp-content\/uploads\/2026\/01\/cumulus2a_eb_web-1200x800.jpg 1200w, https:\/\/elisebenard.com\/wp-content\/uploads\/2026\/01\/cumulus2a_eb_web.jpg 1584w\" sizes=\"(min-width: 2200px) 100vw, (min-width: 1064px) 393px, (min-width: 992px) 590px, (min-width: 920px) 992px, \" \/><div class=\"fusion-rollover\">\n\t<div class=\"fusion-rollover-content\">\n\n\t\t\t\t\n\t\t\n\t\t\t\t\t\t\t\t\t\t\t\t<h4 class=\"fusion-rollover-title\">\n\t\t\t\t\t<a class=\"fusion-rollover-title-link\" href=\"https:\/\/elisebenard.com\/index.php\/portfolio-items\/cumulus-2\/?portfolioCats=4\">\n\t\t\t\t\t\tCumulus\t\t\t\t\t<\/a>\n\t\t\t\t<\/h4>\n\t\t\t\n\t\t\t\t\t\t\t\t\n\t\t\n\t\t\t\t\t\t<a class=\"fusion-link-wrapper\" href=\"https:\/\/elisebenard.com\/index.php\/portfolio-items\/cumulus-2\/?portfolioCats=4\" aria-label=\"Cumulus\"><\/a>\n\t<\/div>\n<\/div>\n<\/div>\n<\/div><\/article><\/div><\/div><\/div><\/div><\/div><\/div>\n","protected":false},"excerpt":{"rendered":"","protected":false},"author":1,"featured_media":0,"parent":0,"menu_order":0,"comment_status":"closed","ping_status":"closed","template":"100-width.php","meta":{"footnotes":""},"class_list":["post-21","page","type-page","status-publish","hentry"],"_links":{"self":[{"href":"https:\/\/elisebenard.com\/index.php\/wp-json\/wp\/v2\/pages\/21","targetHints":{"allow":["GET"]}}],"collection":[{"href":"https:\/\/elisebenard.com\/index.php\/wp-json\/wp\/v2\/pages"}],"about":[{"href":"https:\/\/elisebenard.com\/index.php\/wp-json\/wp\/v2\/types\/page"}],"author":[{"embeddable":true,"href":"https:\/\/elisebenard.com\/index.php\/wp-json\/wp\/v2\/users\/1"}],"replies":[{"embeddable":true,"href":"https:\/\/elisebenard.com\/index.php\/wp-json\/wp\/v2\/comments?post=21"}],"version-history":[{"count":4,"href":"https:\/\/elisebenard.com\/index.php\/wp-json\/wp\/v2\/pages\/21\/revisions"}],"predecessor-version":[{"id":379,"href":"https:\/\/elisebenard.com\/index.php\/wp-json\/wp\/v2\/pages\/21\/revisions\/379"}],"wp:attachment":[{"href":"https:\/\/elisebenard.com\/index.php\/wp-json\/wp\/v2\/media?parent=21"}],"curies":[{"name":"wp","href":"https:\/\/api.w.org\/{rel}","templated":true}]}}